{"id":75,"date":"2024-08-07T13:48:47","date_gmt":"2024-08-07T11:48:47","guid":{"rendered":"https:\/\/quanten-kompass.de\/?page_id=75"},"modified":"2024-11-12T08:46:24","modified_gmt":"2024-11-12T07:46:24","slug":"glossar","status":"publish","type":"page","link":"https:\/\/quanten-kompass.de\/en\/glossar\/","title":{"rendered":"Glossary"},"content":{"rendered":"<div data-elementor-type=\"wp-page\" data-elementor-id=\"75\" class=\"elementor elementor-75\" data-elementor-post-type=\"page\">\n\t\t\t\t<div class=\"elementor-element elementor-element-a4939aa e-flex e-con-boxed e-con e-parent\" data-id=\"a4939aa\" data-element_type=\"container\" data-e-type=\"container\">\n\t\t\t\t\t<div class=\"e-con-inner\">\n\t\t\t\t<div class=\"elementor-element elementor-element-faaf64b elementor-widget elementor-widget-heading\" data-id=\"faaf64b\" data-element_type=\"widget\" data-e-type=\"widget\" data-widget_type=\"heading.default\">\n\t\t\t\t<div class=\"elementor-widget-container\">\n\t\t\t\t\t<h1 class=\"elementor-heading-title elementor-size-default\">Glossary<\/h1>\t\t\t\t<\/div>\n\t\t\t\t<\/div>\n\t\t\t\t\t<\/div>\n\t\t\t\t<\/div>\n\t\t<div class=\"elementor-element elementor-element-02b6eb0 e-flex e-con-boxed e-con e-parent\" data-id=\"02b6eb0\" data-element_type=\"container\" data-e-type=\"container\">\n\t\t\t\t\t<div class=\"e-con-inner\">\n\t\t<div class=\"elementor-element elementor-element-b5cf03c e-con-full e-flex e-con e-child\" data-id=\"b5cf03c\" data-element_type=\"container\" data-e-type=\"container\">\n\t\t\t\t<div class=\"elementor-element elementor-element-3ec6131 elementor-widget elementor-widget-shortcode\" data-id=\"3ec6131\" data-element_type=\"widget\" data-e-type=\"widget\" data-widget_type=\"shortcode.default\">\n\t\t\t\t<div class=\"elementor-widget-container\">\n\t\t\t\t\t\t\t<div class=\"elementor-shortcode\"><a name='name_directory_position2'><\/a><div class=\"name_directory_index\"><a class=\"name_directory_startswith\" href=\"https:\/\/quanten-kompass.de\/en\/glossar\/?dir=2&name_directory_startswith=\">All<\/a> | <a class=\"name_directory_startswith  name_directory_empty\" href=\"https:\/\/quanten-kompass.de\/en\/glossar\/?dir=2&name_directory_startswith=%23\">#<\/a>  <a class=\"name_directory_startswith\" href=\"https:\/\/quanten-kompass.de\/en\/glossar\/?dir=2&name_directory_startswith=A\">A<\/a>  <a class=\"name_directory_startswith\" href=\"https:\/\/quanten-kompass.de\/en\/glossar\/?dir=2&name_directory_startswith=B\">B<\/a>  <a class=\"name_directory_startswith  name_directory_empty\" href=\"https:\/\/quanten-kompass.de\/en\/glossar\/?dir=2&name_directory_startswith=C\">C<\/a>  <a class=\"name_directory_startswith\" href=\"https:\/\/quanten-kompass.de\/en\/glossar\/?dir=2&name_directory_startswith=D\">D<\/a>  <a class=\"name_directory_startswith\" href=\"https:\/\/quanten-kompass.de\/en\/glossar\/?dir=2&name_directory_startswith=E\">E<\/a>  <a class=\"name_directory_startswith\" href=\"https:\/\/quanten-kompass.de\/en\/glossar\/?dir=2&name_directory_startswith=F\">F<\/a>  <a class=\"name_directory_startswith  name_directory_empty\" href=\"https:\/\/quanten-kompass.de\/en\/glossar\/?dir=2&name_directory_startswith=G\">G<\/a>  <a class=\"name_directory_startswith  name_directory_empty\" href=\"https:\/\/quanten-kompass.de\/en\/glossar\/?dir=2&name_directory_startswith=H\">H<\/a>  <a class=\"name_directory_startswith\" href=\"https:\/\/quanten-kompass.de\/en\/glossar\/?dir=2&name_directory_startswith=I\">I<\/a>  <a class=\"name_directory_startswith  name_directory_empty\" href=\"https:\/\/quanten-kompass.de\/en\/glossar\/?dir=2&name_directory_startswith=J\">J<\/a>  <a class=\"name_directory_startswith  name_directory_empty\" href=\"https:\/\/quanten-kompass.de\/en\/glossar\/?dir=2&name_directory_startswith=K\">K<\/a>  <a class=\"name_directory_startswith  name_directory_empty\" href=\"https:\/\/quanten-kompass.de\/en\/glossar\/?dir=2&name_directory_startswith=L\">L<\/a>  <a class=\"name_directory_startswith  name_directory_empty\" href=\"https:\/\/quanten-kompass.de\/en\/glossar\/?dir=2&name_directory_startswith=M\">M<\/a>  <a class=\"name_directory_startswith\" href=\"https:\/\/quanten-kompass.de\/en\/glossar\/?dir=2&name_directory_startswith=N\">N<\/a>  <a class=\"name_directory_startswith  name_directory_empty\" href=\"https:\/\/quanten-kompass.de\/en\/glossar\/?dir=2&name_directory_startswith=O\">O<\/a>  <a class=\"name_directory_startswith\" href=\"https:\/\/quanten-kompass.de\/en\/glossar\/?dir=2&name_directory_startswith=P\">P<\/a>  <a class=\"name_directory_startswith\" href=\"https:\/\/quanten-kompass.de\/en\/glossar\/?dir=2&name_directory_startswith=Q\">Q<\/a>  <a class=\"name_directory_startswith  name_directory_empty\" href=\"https:\/\/quanten-kompass.de\/en\/glossar\/?dir=2&name_directory_startswith=R\">R<\/a>  <a class=\"name_directory_startswith\" href=\"https:\/\/quanten-kompass.de\/en\/glossar\/?dir=2&name_directory_startswith=S\">S<\/a>  <a class=\"name_directory_startswith  name_directory_empty\" href=\"https:\/\/quanten-kompass.de\/en\/glossar\/?dir=2&name_directory_startswith=T\">T<\/a>  <a class=\"name_directory_startswith  name_directory_empty\" href=\"https:\/\/quanten-kompass.de\/en\/glossar\/?dir=2&name_directory_startswith=U\">U<\/a>  <a class=\"name_directory_startswith  name_directory_empty\" href=\"https:\/\/quanten-kompass.de\/en\/glossar\/?dir=2&name_directory_startswith=V\">V<\/a>  <a class=\"name_directory_startswith  name_directory_empty\" href=\"https:\/\/quanten-kompass.de\/en\/glossar\/?dir=2&name_directory_startswith=W\">W<\/a>  <a class=\"name_directory_startswith  name_directory_empty\" href=\"https:\/\/quanten-kompass.de\/en\/glossar\/?dir=2&name_directory_startswith=X\">X<\/a>  <a class=\"name_directory_startswith  name_directory_empty\" href=\"https:\/\/quanten-kompass.de\/en\/glossar\/?dir=2&name_directory_startswith=Y\">Y<\/a>  <a class=\"name_directory_startswith  name_directory_empty\" href=\"https:\/\/quanten-kompass.de\/en\/glossar\/?dir=2&name_directory_startswith=Z\">Z<\/a> <br \/><form role='search' method='get' action='' data-trp-original-action=\"\"><input type='search' autocomplete='off' aria-description='Directory names below will match your searchcriteria after submit' name='name-directory-search-value' id='name-directory-search-input-box' placeholder='Search for...' \/><input type='hidden' name='dir' value='2' \/><input type='submit' id='name-directory-search-input-button' value='Search' \/><input type=\"hidden\" name=\"trp-form-language\" value=\"en\"\/><\/form><\/div><div class=\"name_directory_total\">There are currently 28 Begriffe in this directory.<\/div><div class=\"name_directory_names\"><div class=\"name_directory_column name_directory_nr1\"><div class=\"name_directory_character_header\">A<\/div><div class=\"name_directory_name_box\"><a name=\"namedirectory_Atome\"><\/a><strong role=\"term\">Atome<\/strong><br><div role=\"definition\">Ein Atom ist der kleinste Baustein der Materie, der noch die chemischen Eigenschaften eines Elements besitzt. Es besteht aus einem zentralen Atomkern, der positiv geladene Protonen und neutrale Neutronen enth\u00e4lt, sowie einer H\u00fclle aus negativ geladenen Elektronen, die den Kern umkreisen. Die Anzahl der Protonen im Kern bestimmt, um welches chemische Element es sich handelt. Atome sind die Grundbausteine, aus denen alle Stoffe bestehen, und durch Bindungen zwischen Atomen entstehen Molek\u00fcle.<\/div><\/div><div class=\"name_directory_character_header\">B<\/div><div class=\"name_directory_name_box\"><a name=\"namedirectory_BellscheUngleichung\"><\/a><strong role=\"term\">Bell&#039;sche Ungleichung<\/strong><br><div role=\"definition\">Eine mathematische Ungleichung, die von John Bell entwickelt wurde, um zu testen, ob Quantenmechanik oder klassische Physik besser die Realit\u00e4t beschreibt. Verst\u00f6\u00dfe gegen die Bell'sche Ungleichung zeigen, dass die Quantenmechanik (und damit die Quantenverschr\u00e4nkung) korrektere Vorhersagen liefert als klassische Theorien. Experimente, die Bell'sche Ungleichungen testen, sind grundlegende Tests der Quantenkommunikation.<\/div><\/div><div class=\"name_directory_character_header\">D<\/div><div class=\"name_directory_name_box\"><a name=\"namedirectory_Dekohrenz\"><\/a><strong role=\"term\">Dekoh\u00e4renz<\/strong><br><div role=\"definition\">Dekoh\u00e4renz beschreibt den Prozess, bei dem ein Quantensystem seine quantenmechanischen Eigenschaften verliert, oft durch Wechselwirkungen mit der Umgebung. Dies f\u00fchrt dazu, dass Superpositionen kollabieren und das System sich wie ein klassisches System verh\u00e4lt. In der Quantenkommunikation ist Dekoh\u00e4renz eine der gr\u00f6\u00dften Herausforderungen, da sie die Integrit\u00e4t der \u00fcbertragenen Quanteninformationen beeintr\u00e4chtigen kann.<\/div><\/div><div class=\"name_directory_character_header\">E<\/div><div class=\"name_directory_name_box\"><a name=\"namedirectory_Elektronen\"><\/a><strong role=\"term\">Elektronen<\/strong><br><div role=\"definition\">Ein Elektron ist ein subatomares Teilchen mit negativer elektrischer Ladung. Es ist eines der grundlegenden Bausteine der Materie und befindet sich normalerweise in der \"H\u00fclle\" eines Atoms, wo es den Atomkern umkreist. Elektronen sind entscheidend f\u00fcr chemische Reaktionen und die Stromleitung, da sie sich relativ frei in bestimmten Materialien bewegen k\u00f6nnen.<\/div><\/div><div class=\"name_directory_character_header\">F<\/div><div class=\"name_directory_name_box\"><a name=\"namedirectory_Freistahllinks\"><\/a><strong role=\"term\">Freistahllinks<\/strong><br><div role=\"definition\">Freistrahllinks bezieht sich auf eine Methode zur drahtlosen \u00dcbertragung von Daten, bei der Lichtstrahlen, meist im Infrarot- oder sichtbaren Bereich, durch die Luft geschickt werden. Dies wird oft als optische Freistrahlkommunikation bezeichnet. Dabei handelt es sich um eine Technologie, die Daten mit Licht, statt mit Funksignalen, \u00fcbertr\u00e4gt.<\/div><\/div><div class=\"name_directory_character_header\">I<\/div><div class=\"name_directory_name_box\"><a name=\"namedirectory_Inhrent\"><\/a><strong role=\"term\">Inh\u00e4rent<\/strong><br><div role=\"definition\">\"Inh\u00e4rent\" bedeutet, dass etwas von Natur aus oder wesensm\u00e4\u00dfig zu einer Sache geh\u00f6rt. Es beschreibt Eigenschaften, die unverzichtbar oder untrennbar mit einem bestimmten Objekt, Konzept oder Zustand verbunden sind. Zum Beispiel k\u00f6nnte man sagen, dass \"Ver\u00e4nderung inh\u00e4rent zum Leben geh\u00f6rt,\" was bedeutet, dass Ver\u00e4nderung ein grundlegender und nat\u00fcrlicher Teil des Lebens ist.<\/div><\/div><div class=\"name_directory_character_header\">N<\/div><div class=\"name_directory_name_box\"><a name=\"namedirectory_Nanokosmos\"><\/a><strong role=\"term\">Nanokosmos<\/strong><br><div role=\"definition\">Der Nanokosmos bezieht sich auf den extrem kleinen Bereich der Materie im Gr\u00f6\u00dfenma\u00dfstab von Nanometern, also Milliardenstel Metern (1 nm = 10\u207b\u2079 Meter). In diesem Bereich bewegen sich Atome, Molek\u00fcle und Strukturen, die kleiner als 100 Nanometer sind. Der Nanokosmos ist wichtig in Bereichen wie der Nanotechnologie, Biologie und Physik, weil hier spezielle Effekte auftreten, die in der \"normalen\" Welt nicht sichtbar sind, wie etwa Quantenph\u00e4nomene und ver\u00e4nderte Materialeigenschaften.<\/div><\/div><div class=\"name_directory_name_box\"><a name=\"namedirectory_No-Cloning-Theorem\"><\/a><strong role=\"term\">No-Cloning-Theorem<\/strong><br><div role=\"definition\">Das No-Cloning-Theorem ist ein fundamentales Gesetz der Quantenmechanik, das besagt, dass es unm\u00f6glich ist, einen unbekannten Quantenzustand perfekt zu kopieren. Dies ist wichtig f\u00fcr die Quantenkommunikation, da es garantiert, dass Informationen nicht unbemerkt vervielf\u00e4ltigt oder abgefangen werden k\u00f6nnen. Jeder Versuch, ein Qubit zu kopieren, f\u00fchrt zu einer St\u00f6rung des Systems und macht den Abh\u00f6rversuch erkennbar.<\/div><\/div><div class=\"name_directory_character_header\">P<\/div><div class=\"name_directory_name_box\"><a name=\"namedirectory_Photon\"><\/a><strong role=\"term\">Photon<\/strong><br><div role=\"definition\">Ein Photon ist das kleinste Elementarteilchen des Lichts und tr\u00e4gt elektromagnetische Energie, weswegen sie auch Lichtquanten genannt werden. In der Quantenkommunikation werden Photonen verwendet, um Qubits \u00fcber weite Entfernungen zu \u00fcbertragen, h\u00e4ufig durch Glasfasern oder Satellitenverbindungen. Aufgrund ihrer geringen Wechselwirkung mit der Umgebung sind Photonen besonders gut geeignet, um Informationen verlustfrei zu transportieren.<\/div><\/div><div class=\"name_directory_name_box\"><a name=\"namedirectory_Polarisation\"><\/a><strong role=\"term\">Polarisation<\/strong><br><div role=\"definition\">Polarisation bezieht sich auf die Ausrichtung der Schwingungen von Lichtwellen. In der Quantenkommunikation wird die Polarisation von Photonen h\u00e4ufig verwendet, um Qubits darzustellen. Unterschiedliche Polarisationen k\u00f6nnen genutzt werden, um Informationen zu codieren, die dann sicher \u00fcbertragen werden.<\/div><\/div><div class=\"name_directory_name_box\"><a name=\"namedirectory_Post-Quanten-Kryptographie\"><\/a><strong role=\"term\">Post-Quanten-Kryptographie<\/strong><br><div role=\"definition\">Post-Quanten-Kryptographie bezeichnet kryptografische Verfahren, die sicher gegen Angriffe von Quantencomputern sind. Quantencomputer k\u00f6nnten viele der heute g\u00e4ngigen Verschl\u00fcsselungsmethoden leicht knacken, weil sie bestimmte mathematische Probleme (z. B. Faktorisierung gro\u00dfer Zahlen) viel schneller l\u00f6sen k\u00f6nnen als klassische Computer. Post-Quanten-Kryptographie entwickelt daher neue Algorithmen, die auch mit der Rechenleistung von Quantencomputern nicht leicht zu brechen sind.<\/div><\/div><div class=\"name_directory_character_header\">Q<\/div><div class=\"name_directory_name_box\"><a name=\"namedirectory_Quanten\"><\/a><strong role=\"term\">Quanten<\/strong><br><div role=\"definition\">Quanten sind die kleinsten, nicht weiter teilbaren Einheiten bestimmter physikalischer Gr\u00f6\u00dfen, wie Energie oder Licht. Sie bilden das Fundament der Quantenphysik, die sich mit den Gesetzen auf kleinster Ebene, also im Bereich von Atomen und subatomaren Teilchen, besch\u00e4ftigt.<\/div><\/div><div class=\"name_directory_name_box\"><a name=\"namedirectory_Quanten-SchlsselverteilungQKD\"><\/a><strong role=\"term\">Quanten-Schl\u00fcsselverteilung (QKD)<\/strong><br><div role=\"definition\">QKD ist eine Methode zur sicheren \u00dcbermittlung von Verschl\u00fcsselungsschl\u00fcsseln unter Verwendung von Qubits. Dabei werden Photonen (Lichtteilchen) mit unterschiedlichen Polarisationen verwendet, um den Schl\u00fcssel zu \u00fcbertragen. Da jeder Abh\u00f6rversuch die Quanteninformation ver\u00e4ndert, kann die Sicherheit der \u00dcbertragung garantiert werden. Die bekannteste QKD-Methode ist das BB84-Protokoll, benannt nach seinen Entwicklern Bennett und Brassard.<\/div><\/div><div class=\"name_directory_name_box\"><a name=\"namedirectory_Quanten-Teleportation\"><\/a><strong role=\"term\">Quanten-Teleportation<\/strong><br><div role=\"definition\">Quanten-Teleportation bezieht sich auf die \u00dcbertragung von Quanteninformation von einem Ort zum anderen, ohne dass physische Teilchen bewegt werden. Diese \u00dcbertragung wird durch Quantenverschr\u00e4nkung erm\u00f6glicht. Die Quanten-Teleportation \u00fcbertr\u00e4gt die Eigenschaften eines Quants, wie zum Beispiel den Spin eines Elektrons, an ein anderes Teilchen, das sich an einem weit entfernten Ort befindet.<\/div><\/div><div class=\"name_directory_name_box\"><a name=\"namedirectory_QuantenbitQubit\"><\/a><strong role=\"term\">Quantenbit (Qubit)<\/strong><br><div role=\"definition\">Ein Qubit ist die kleinste Informationseinheit in der Quantenkommunikation. Im Gegensatz zu einem klassischen Bit, das entweder 0 oder 1 sein kann, erm\u00f6glicht ein Qubit dank der Superposition beide Zust\u00e4nde gleichzeitig anzunehmen. Diese Eigenschaft erlaubt es Quantencomputern, viele Berechnungen parallel durchzuf\u00fchren und ist entscheidend f\u00fcr die Effizienz und Sicherheit der Quantenkommunikation.<\/div><\/div><div class=\"name_directory_name_box\"><a name=\"namedirectory_Quantencomputer\"><\/a><strong role=\"term\">Quantencomputer<\/strong><br><div role=\"definition\">Ein Computer, der die Gesetze der Quantenmechanik nutzt, um Berechnungen durchzuf\u00fchren. Quantencomputer nutzen Qubits und sind in der Lage, bestimmte Probleme viel schneller zu l\u00f6sen als klassische Computer. In der Quantenkommunikation k\u00f6nnten Quantencomputer f\u00fcr Verschl\u00fcsselung und sichere Daten\u00fcbertragung eingesetzt werden.<\/div><\/div><div class=\"name_directory_name_box\"><a name=\"namedirectory_Quanteninterferenz\"><\/a><strong role=\"term\">Quanteninterferenz<\/strong><br><div role=\"definition\">Quanteninterferenz ist ein Ph\u00e4nomen, das auftritt, wenn Quantenobjekte, wie Lichtquanten oder Elektronen, auf einander treffen und ihre Wellenfunktionen sich \u00fcberlagern. Diese \u00dcberlagerung kann zu Verst\u00e4rkung oder Ausl\u00f6schung der Wellen f\u00fchren, was zu charakteristischen Interferenzmustern f\u00fchrt. Dies ist vergleichbar mit den Interferenzmustern, die man von klassischen Wellen, wie Wasserwellen oder Schallwellen, kennt.<\/div><\/div><div class=\"name_directory_name_box\"><a name=\"namedirectory_Quanteninternet\"><\/a><strong role=\"term\">Quanteninternet<\/strong><br><div role=\"definition\">Ein hypothetisches globales Netzwerk, das auf den Prinzipien der Quantenkommunikation basiert. Ein Quanteninternet w\u00fcrde es erm\u00f6glichen, verschr\u00e4nkte Qubits weltweit zu \u00fcbertragen, was extrem sichere Kommunikation und die Nutzung von Quantencomputern in einem globalen Netzwerk erm\u00f6glichen w\u00fcrde.<\/div><\/div><div class=\"name_directory_name_box\"><a name=\"namedirectory_Quantenkanal\"><\/a><strong role=\"term\">Quantenkanal<\/strong><br><div role=\"definition\">Ein Quantenkanal ist der physische oder virtuelle Kommunikationsweg, \u00fcber den Quanteninformationen (wie verschr\u00e4nkte Photonen) \u00fcbertragen werden. Ein Quantenkanal kann durch Glasfaserleitungen, Satelliten oder sogar durch die freie Luft verlaufen. Ein Quantenkanal muss besonders gut abgeschirmt sein, da die Quanteninformationen empfindlich auf St\u00f6rungen reagieren.<\/div><\/div><div class=\"name_directory_name_box\"><a name=\"namedirectory_Quantenkryptografie\"><\/a><strong role=\"term\">Quantenkryptografie<\/strong><br><div role=\"definition\">Quantenkryptografie nutzt die Prinzipien der Quantenmechanik, um Daten so zu verschl\u00fcsseln, dass sie nicht abgefangen oder unbemerkt manipuliert werden k\u00f6nnen. Ein Hauptansatz ist die Quanten-Schl\u00fcsselverteilung (QKD), bei der ein Schl\u00fcssel zwischen zwei Parteien ausgetauscht wird. Jeder Abh\u00f6rversuch w\u00fcrde den Quantenzustand der \u00fcbermittelten Information ver\u00e4ndern, was sofort auff\u00e4llt.<\/div><\/div><div class=\"name_directory_name_box\"><a name=\"namedirectory_Quantenrepeater\"><\/a><strong role=\"term\">Quantenrepeater<\/strong><br><div role=\"definition\">Ein Quantenrepeater ist ein Ger\u00e4t, das zur \u00dcberbr\u00fcckung von Entfernungen in einem Quantenkommunikationsnetzwerk verwendet wird. Da Quanteninformationen \u00fcber gro\u00dfe Distanzen anf\u00e4llig f\u00fcr Verluste und Fehler sind, werden Quantenrepeater ben\u00f6tigt, um die Signalqualit\u00e4t zu verbessern und die Reichweite der Kommunikation zu erh\u00f6hen, ohne die Quanteninformationen zu zerst\u00f6ren.<\/div><\/div><div class=\"name_directory_name_box\"><a name=\"namedirectory_Quantenrouter\"><\/a><strong role=\"term\">Quantenrouter<\/strong><br><div role=\"definition\">Ein Ger\u00e4t, das in der Lage ist, Quanteninformationen von einem Quantenkanal zu einem anderen weiterzuleiten, ohne die Quanteninformation zu zerst\u00f6ren. Quantenrouter sind f\u00fcr den Aufbau von Quanten-Netzwerken entscheidend, um Quantenkommunikation \u00fcber gro\u00dfe Distanzen zu erm\u00f6glichen.<\/div><\/div><div class=\"name_directory_name_box\"><a name=\"namedirectory_Quantenschlssel\"><\/a><strong role=\"term\">Quantenschl\u00fcssel<\/strong><br><div role=\"definition\">Ein Verschl\u00fcsselungsschl\u00fcssel, der mit Quantenkryptografie generiert und ausgetauscht wurde. Da dieser Schl\u00fcssel durch Quantenmechanik gesichert ist, ist er im Vergleich zu klassischen Schl\u00fcsseln \u00e4u\u00dferst sicher vor Abh\u00f6rversuchen.<\/div><\/div><div class=\"name_directory_name_box\"><a name=\"namedirectory_Quantensprung\"><\/a><strong role=\"term\">Quantensprung<\/strong><br><div role=\"definition\">Ein Quantensprung bezeichnet in der Quantenphysik den pl\u00f6tzlichen \u00dcbergang eines Elektrons von einem Energiezustand auf einen anderen innerhalb eines Atoms. Dabei \"springt\" das Elektron ohne Zwischenstufen von einer festgelegten Energiebahn auf eine andere. Dieser Vorgang erfolgt, wenn das Elektron Energie aufnimmt oder abgibt, meist in Form von Licht. Obwohl \"Quantensprung\" oft als etwas Gro\u00dfes verwendet wird, handelt es sich in der Physik um eine winzige, aber sehr pr\u00e4zise Ver\u00e4nderung auf atomarer Ebene.<\/div><\/div><div class=\"name_directory_name_box\"><a name=\"namedirectory_Quantenberlagerung\"><\/a><strong role=\"term\">Quanten\u00fcberlagerung<\/strong><br><div role=\"definition\">Dieses Prinzip besagt, dass ein Quantenobjekt sich nicht in einem einzigen, klar definierten Zustand befindet. Stattdessen kann es sich in einer Mischung mehrerer m\u00f6glicher Zust\u00e4nde befinden. Stellen Sie sich vor, ein Quantenobjekt, wie ein Elektron oder Photon, kann sich gleichzeitig in mehreren Zust\u00e4nden befinden \u2013 fast wie eine M\u00fcnze, die vor dem Wurf gleichzeitig Kopf und Zahl zeigen k\u00f6nnte.<\/div><\/div><div class=\"name_directory_name_box\"><a name=\"namedirectory_Quantenverschrnkung\"><\/a><strong role=\"term\">Quantenverschr\u00e4nkung<\/strong><br><div role=\"definition\">Quantenverschr\u00e4nkung beschreibt die besondere Verbindung zwischen zwei oder mehr Quantenobjekten, bei der die Zust\u00e4nde dieser Objekte unabh\u00e4ngig von der Entfernung zueinander unmittelbar miteinander verkn\u00fcpft sind. \u00c4ndert sich der Zustand eines verschr\u00e4nkten Teilchens, \u00e4ndert sich auch der Zustand des anderen \u2013 sofort und ohne Verz\u00f6gerung. Diese Eigenschaft wird in der Quantenkommunikation verwendet, um Informationen \u00fcber gro\u00dfe Distanzen zu \u00fcbertragen, ohne dass klassische Signal\u00fcbermittlung n\u00f6tig ist.<\/div><\/div><div class=\"name_directory_character_header\">S<\/div><div class=\"name_directory_name_box\"><a name=\"namedirectory_SubatomareEbene\"><\/a><strong role=\"term\">Subatomare Ebene<\/strong><br><div role=\"definition\">Die \"subatomare Ebene\" bezieht sich auf den Bereich der Physik, der sich mit Teilchen besch\u00e4ftigt, die kleiner als ein Atom sind. Dazu geh\u00f6ren Elektronen, Protonen, Neutronen und andere elementare Teilchen wie Quarks und Neutrinos. Diese Ebene beschreibt Prozesse und Ph\u00e4nomene, die auf der Skala von Atomen und deren Bausteinen stattfinden und von der Quantenmechanik beherrscht werden, wo die klassischen physikalischen Gesetze oft nicht mehr gelten.<\/div><\/div><div class=\"name_directory_name_box\"><a name=\"namedirectory_Superposition\"><\/a><strong role=\"term\">Superposition<\/strong><br><div role=\"definition\">Superposition ist ein zentrales Konzept der Quantenmechanik, das besagt, dass sich ein Quantenobjekt (z. B. ein Qubit) gleichzeitig in mehreren Zust\u00e4nden befinden kann. Ein Qubit kann somit gleichzeitig den Wert 0 und 1 annehmen, bis eine Messung durchgef\u00fchrt wird. In der Quantenkommunikation wird diese Eigenschaft genutzt, um komplexe Informationen auf effiziente Weise zu \u00fcbertragen.<\/div><\/div><\/div><\/div><style>\r\n        .name_directory_readmore_state ~ .name_directory_readmore_trigger:before {\r\n            content: '... Show more';\r\n        }\r\n       \r\n        .name_directory_readmore_state:checked ~ .name_directory_readmore_trigger:before {\r\n            content: 'Show less';\r\n        }\r\n        <\/style><\/div>\n\t\t\t\t\t\t<\/div>\n\t\t\t\t<\/div>\n\t\t\t\t<\/div>\n\t\t\t\t\t<\/div>\n\t\t\t\t<\/div>\n\t\t\t\t<\/div>","protected":false},"excerpt":{"rendered":"<p>Glossary<\/p>","protected":false},"author":3,"featured_media":0,"parent":0,"menu_order":0,"comment_status":"closed","ping_status":"closed","template":"","meta":{"_acf_changed":false,"inline_featured_image":false,"footnotes":""},"class_list":["post-75","page","type-page","status-publish","hentry"],"acf":[],"_links":{"self":[{"href":"https:\/\/quanten-kompass.de\/en\/wp-json\/wp\/v2\/pages\/75","targetHints":{"allow":["GET"]}}],"collection":[{"href":"https:\/\/quanten-kompass.de\/en\/wp-json\/wp\/v2\/pages"}],"about":[{"href":"https:\/\/quanten-kompass.de\/en\/wp-json\/wp\/v2\/types\/page"}],"author":[{"embeddable":true,"href":"https:\/\/quanten-kompass.de\/en\/wp-json\/wp\/v2\/users\/3"}],"replies":[{"embeddable":true,"href":"https:\/\/quanten-kompass.de\/en\/wp-json\/wp\/v2\/comments?post=75"}],"version-history":[{"count":25,"href":"https:\/\/quanten-kompass.de\/en\/wp-json\/wp\/v2\/pages\/75\/revisions"}],"predecessor-version":[{"id":2308,"href":"https:\/\/quanten-kompass.de\/en\/wp-json\/wp\/v2\/pages\/75\/revisions\/2308"}],"wp:attachment":[{"href":"https:\/\/quanten-kompass.de\/en\/wp-json\/wp\/v2\/media?parent=75"}],"curies":[{"name":"wp","href":"https:\/\/api.w.org\/{rel}","templated":true}]}}