{"id":1834,"date":"2024-08-19T10:22:45","date_gmt":"2024-08-19T08:22:45","guid":{"rendered":"https:\/\/quanten-kompass.de\/?page_id=1834"},"modified":"2026-01-11T16:55:19","modified_gmt":"2026-01-11T15:55:19","slug":"impressum","status":"publish","type":"page","link":"https:\/\/quanten-kompass.de\/en\/impressum\/","title":{"rendered":"Impressum"},"content":{"rendered":"<div data-elementor-type=\"wp-page\" data-elementor-id=\"1834\" class=\"elementor elementor-1834\" data-elementor-post-type=\"page\">\n\t\t\t\t<div class=\"elementor-element elementor-element-456820a e-flex e-con-boxed e-con e-parent\" data-id=\"456820a\" data-element_type=\"container\" data-e-type=\"container\">\n\t\t\t\t\t<div class=\"e-con-inner\">\n\t\t\t\t<div class=\"elementor-element elementor-element-d2d7387 elementor-widget elementor-widget-heading\" data-id=\"d2d7387\" data-element_type=\"widget\" data-e-type=\"widget\" data-widget_type=\"heading.default\">\n\t\t\t\t<div class=\"elementor-widget-container\">\n\t\t\t\t\t<h1 class=\"elementor-heading-title elementor-size-default\">Impressum<\/h1>\t\t\t\t<\/div>\n\t\t\t\t<\/div>\n\t\t\t\t<div class=\"elementor-element elementor-element-9ec6e4e elementor-widget elementor-widget-text-editor\" data-id=\"9ec6e4e\" data-element_type=\"widget\" data-e-type=\"widget\" data-widget_type=\"text-editor.default\">\n\t\t\t\t<div class=\"elementor-widget-container\">\n\t\t\t\t\t\t\t\t\t<p><span data-contrast=\"auto\">Das Fraunhofer-Institut f\u00fcr System- und Innovationsforschung ISI-Leipzig<\/span><span data-ccp-props=\"{}\">\u00a0<\/span><\/p><p><span data-contrast=\"auto\">Lipanum<\/span>\u00a0<br \/><span data-contrast=\"auto\">Martin-Luther-Ring 13<\/span>\u00a0<br \/><span data-contrast=\"auto\">04109 Leipzig<\/span><\/p><p><span data-contrast=\"auto\">ist eine rechtlich nicht selbstst\u00e4ndige Einrichtung der<\/span><span data-ccp-props=\"{}\">\u00a0<\/span><\/p><p><span data-contrast=\"auto\">Fraunhofer-Gesellschaft\u202fzur F\u00f6rderung der angewandten Forschung e.V.<\/span>\u00a0<br \/><span data-contrast=\"auto\">Hansastra\u00dfe 27c,\u202f80686 M\u00fcnchen<\/span>\u00a0<br \/><span data-contrast=\"auto\">Telefon +49 89 1205- 0<\/span>\u00a0<br \/><span data-contrast=\"auto\">Fax +49 89 1205-7531<\/span>\u00a0<br \/><span data-contrast=\"auto\">E-Mail: info(at)zv.fraunhofer.de<\/span><span data-ccp-props=\"{}\">\u00a0<\/span><\/p><p><a href=\"https:\/\/www.fraunhofer.de\/\"><span data-contrast=\"none\">www.fraunhofer.de<\/span><\/a><span data-ccp-props=\"{}\">\u00a0<\/span><\/p><p><b><span data-contrast=\"auto\">Umsatzsteuer-Identifikationsnummer gem\u00e4\u00df \u00a7 27a Umsatzsteuergesetz<\/span><\/b><span data-ccp-props=\"{}\">\u00a0<\/span><\/p><p><span data-contrast=\"auto\">DE 129515865<\/span><span data-ccp-props=\"{}\">\u00a0<\/span><\/p>\t\t\t\t\t\t\t\t<\/div>\n\t\t\t\t<\/div>\n\t\t\t\t<div class=\"elementor-element elementor-element-c3a68c8 elementor-widget elementor-widget-heading\" data-id=\"c3a68c8\" data-element_type=\"widget\" data-e-type=\"widget\" data-widget_type=\"heading.default\">\n\t\t\t\t<div class=\"elementor-widget-container\">\n\t\t\t\t\t<h4 class=\"elementor-heading-title elementor-size-default\">Registergericht<\/h4>\t\t\t\t<\/div>\n\t\t\t\t<\/div>\n\t\t\t\t<div class=\"elementor-element elementor-element-fa2ca37 elementor-widget elementor-widget-text-editor\" data-id=\"fa2ca37\" data-element_type=\"widget\" data-e-type=\"widget\" data-widget_type=\"text-editor.default\">\n\t\t\t\t<div class=\"elementor-widget-container\">\n\t\t\t\t\t\t\t\t\t<p><span data-contrast=\"auto\">Amtsgericht M\u00fcnchen<\/span>\u00a0<br \/><span data-contrast=\"auto\">Eingetragener Verein<\/span>\u00a0<br \/><span data-contrast=\"auto\">Register-Nr. VR 4461<\/span><span data-ccp-props=\"{}\">\u00a0<\/span><\/p><p><b><span data-contrast=\"auto\">Redaktionsverantwortlich im Sinne des Presserechts<\/span><\/b><span data-ccp-props=\"{}\">\u00a0<\/span><\/p><p><span data-contrast=\"auto\">Dr. Norman Bedtke<\/span><span data-ccp-props=\"{}\">\u00a0<\/span><\/p>\t\t\t\t\t\t\t\t<\/div>\n\t\t\t\t<\/div>\n\t\t\t\t<div class=\"elementor-element elementor-element-554f4fe elementor-widget elementor-widget-heading\" data-id=\"554f4fe\" data-element_type=\"widget\" data-e-type=\"widget\" data-widget_type=\"heading.default\">\n\t\t\t\t<div class=\"elementor-widget-container\">\n\t\t\t\t\t<h4 class=\"elementor-heading-title elementor-size-default\">Vorstand<\/h4>\t\t\t\t<\/div>\n\t\t\t\t<\/div>\n\t\t\t\t<div class=\"elementor-element elementor-element-dbdd13f elementor-widget elementor-widget-text-editor\" data-id=\"dbdd13f\" data-element_type=\"widget\" data-e-type=\"widget\" data-widget_type=\"text-editor.default\">\n\t\t\t\t<div class=\"elementor-widget-container\">\n\t\t\t\t\t\t\t\t\t<p><strong>Prof. Dr.-Ing. Holger Hanselka<\/strong><br \/>Pr\u00e4sident\u00a0| Vorstandsressort Unternehmensstrategie und -kommunikation<\/p><p><strong>Prof. Dr. Constantin H\u00e4fner<\/strong><br \/>Vorstandsressort VA Forschung und Transfer<\/p><p><strong>Prof. Dr. Axel M\u00fcller-Groeling<br \/><\/strong>Vorstandsressort VB Forschungsinfrastrukturen und Digitalisierung<\/p><p><strong>Elisabeth Ewen<br \/><\/strong>Vorstandsressort VC Personal,\u00a0Unternehmenskultur\u00a0und Recht<\/p><p><strong>Dr. Sandra Krey<\/strong><br \/>Vorstandsressort VD Finanzen und Controlling<\/p>\t\t\t\t\t\t\t\t<\/div>\n\t\t\t\t<\/div>\n\t\t\t\t<div class=\"elementor-element elementor-element-6737468 elementor-widget elementor-widget-heading\" data-id=\"6737468\" data-element_type=\"widget\" data-e-type=\"widget\" data-widget_type=\"heading.default\">\n\t\t\t\t<div class=\"elementor-widget-container\">\n\t\t\t\t\t<h4 class=\"elementor-heading-title elementor-size-default\">Nutzungsrechte<\/h4>\t\t\t\t<\/div>\n\t\t\t\t<\/div>\n\t\t\t\t<div class=\"elementor-element elementor-element-00f0d40 elementor-widget elementor-widget-text-editor\" data-id=\"00f0d40\" data-element_type=\"widget\" data-e-type=\"widget\" data-widget_type=\"text-editor.default\">\n\t\t\t\t<div class=\"elementor-widget-container\">\n\t\t\t\t\t\t\t\t\t<p><span data-contrast=\"auto\">Copyright \u00a9 by<\/span>\u00a0<br \/><span data-contrast=\"auto\">Fraunhofer-Gesellschaft<\/span><span data-ccp-props=\"{}\">\u00a0<\/span><\/p><p><span data-contrast=\"auto\">Alle Rechte vorbehalten.<\/span>\u00a0<br \/><span data-contrast=\"auto\">Die Urheberrechte dieser Web-Site liegen vollst\u00e4ndig bei der Fraunhofer-Gesellschaft.<\/span><span data-ccp-props=\"{}\">\u00a0<\/span><\/p><p><span data-contrast=\"auto\">Ein Download oder Ausdruck dieser Ver\u00f6ffentlichungen ist ausschlie\u00dflich f\u00fcr den pers\u00f6nlichen Gebrauch gestattet. Alle dar\u00fcber hinaus gehenden Verwendungen, insbesondere die kommerzielle Nutzung und Verbreitung, sind grunds\u00e4tzlich nicht gestattet und bed\u00fcrfen der schriftlichen Genehmigung.<\/span><span data-ccp-props=\"{}\">\u00a0<\/span><\/p><p><span data-contrast=\"auto\">Anfragen richten Sie bitte an:<\/span>\u00a0<br \/><span data-contrast=\"auto\">Fraunhofer-Institut f\u00fcr System- und Innovationsforschung<\/span><span data-ccp-props=\"{}\">\u00a0<\/span><\/p><p><span data-contrast=\"auto\">Lipanum<\/span>\u00a0<br \/><span data-contrast=\"auto\">Martin-Luther-Ring 13<\/span>\u00a0<br \/><span data-contrast=\"auto\">04109 Leipzig<\/span>\u00a0<br \/><span data-contrast=\"auto\">\u202f<\/span><span data-ccp-props=\"{}\">\u00a0<\/span><\/p><p><span data-contrast=\"auto\">Ein Download oder Ausdruck ist dar\u00fcber hinaus lediglich zum Zweck der Berichterstattung \u00fcber die Fraunhofer-Gesellschaft und Ihre Institute nach Ma\u00dfgabe unten<\/span><span data-contrast=\"auto\">stehender Nutzungsbedingungen gestattet.<\/span><span data-ccp-props=\"{}\">\u00a0<\/span><\/p><p><span data-contrast=\"auto\">Grafische Ver\u00e4nderungen an Bildmotiven &#8211; au\u00dfer zum Freistellen des Hauptmotivs &#8211; sind nicht gestattet. Es ist stets die Quellenangabe und \u00dcbersendung von zwei kostenlosen Belegexemplaren an die oben genannte Adresse erforderlich. Die Verwendung ist honorarfrei.<\/span><span data-ccp-props=\"{}\">\u00a0<\/span><\/p>\t\t\t\t\t\t\t\t<\/div>\n\t\t\t\t<\/div>\n\t\t\t\t<div class=\"elementor-element elementor-element-42d2f0c elementor-widget elementor-widget-heading\" data-id=\"42d2f0c\" data-element_type=\"widget\" data-e-type=\"widget\" data-widget_type=\"heading.default\">\n\t\t\t\t<div class=\"elementor-widget-container\">\n\t\t\t\t\t<h4 class=\"elementor-heading-title elementor-size-default\">Bildnachweise<\/h4>\t\t\t\t<\/div>\n\t\t\t\t<\/div>\n\t\t\t\t<div class=\"elementor-element elementor-element-18a35b5 elementor-widget elementor-widget-text-editor\" data-id=\"18a35b5\" data-element_type=\"widget\" data-e-type=\"widget\" data-widget_type=\"text-editor.default\">\n\t\t\t\t<div class=\"elementor-widget-container\">\n\t\t\t\t\t\t\t\t\t<p>Ein Teil der auf dieser Website verwendeten Bilder wurde mit Hilfe von Adobe Firefly (KI-gest\u00fctzte Bildgenerierung) erstellt.<\/p>\t\t\t\t\t\t\t\t<\/div>\n\t\t\t\t<\/div>\n\t\t\t\t<div class=\"elementor-element elementor-element-3ef5c20 elementor-widget elementor-widget-heading\" data-id=\"3ef5c20\" data-element_type=\"widget\" data-e-type=\"widget\" data-widget_type=\"heading.default\">\n\t\t\t\t<div class=\"elementor-widget-container\">\n\t\t\t\t\t<h4 class=\"elementor-heading-title elementor-size-default\">Haftungshinweis<\/h4>\t\t\t\t<\/div>\n\t\t\t\t<\/div>\n\t\t\t\t<div class=\"elementor-element elementor-element-6886c8f elementor-widget elementor-widget-text-editor\" data-id=\"6886c8f\" data-element_type=\"widget\" data-e-type=\"widget\" data-widget_type=\"text-editor.default\">\n\t\t\t\t<div class=\"elementor-widget-container\">\n\t\t\t\t\t\t\t\t\t<p><span data-contrast=\"auto\">Wir \u00fcbernehmen keine Haftung f\u00fcr die Inhalte externer Links. F\u00fcr den Inhalt der verlinkten Seiten sind ausschlie\u00dflich deren Betreiber verantwortlich.<\/span><span data-ccp-props=\"{}\">\u00a0<\/span><\/p><p><span data-contrast=\"auto\">Wir sind bem\u00fcht, das Webangebot stets aktuell und inhaltlich richtig sowie vollst\u00e4ndig anzubieten. Dennoch ist das Auftreten von Fehlern nicht v\u00f6llig auszuschlie\u00dfen. Das Fraunhofer-Institut bzw. die Fraunhofer-Gesellschaft \u00fcbernimmt keine Haftung f\u00fcr die Aktualit\u00e4t, die inhaltliche Richtigkeit sowie f\u00fcr die Vollst\u00e4ndigkeit der in ihrem Webangebot eingestellten Informationen. Dies bezieht sich auf eventuelle Sch\u00e4den materieller oder ideeller Art Dritter, die durch die Nutzung dieses Webangebotes verursacht wurden.<\/span><span data-ccp-props=\"{}\">\u00a0<\/span><\/p><p><span data-contrast=\"auto\">Gesch\u00fctzte Marken und Namen, Bilder und Texte werden auf unseren Seiten in der Regel nicht als solche kenntlich gemacht. Das Fehlen einer solchen Kennzeichnung bedeutet jedoch nicht, dass es sich um einen freien Namen, ein freies Bild oder einen freien Text im Sinne des Markenzeichenrechts handelt.<\/span><span data-ccp-props=\"{}\">\u00a0<\/span><\/p>\t\t\t\t\t\t\t\t<\/div>\n\t\t\t\t<\/div>\n\t\t\t\t\t<\/div>\n\t\t\t\t<\/div>\n\t\t\t\t<\/div>","protected":false},"excerpt":{"rendered":"<p>Impressum Das Fraunhofer-Institut f\u00fcr System- und Innovationsforschung ISI-Leipzig\u00a0 Lipanum\u00a0Martin-Luther-Ring 13\u00a004109 Leipzig ist eine rechtlich nicht selbstst\u00e4ndige Einrichtung der\u00a0 Fraunhofer-Gesellschaft\u202fzur F\u00f6rderung der angewandten Forschung e.V.\u00a0Hansastra\u00dfe 27c,\u202f80686 M\u00fcnchen\u00a0Telefon +49 89 1205- 0\u00a0Fax +49 89 1205-7531\u00a0E-Mail: info(at)zv.fraunhofer.de\u00a0 www.fraunhofer.de\u00a0 Umsatzsteuer-Identifikationsnummer gem\u00e4\u00df \u00a7 27a Umsatzsteuergesetz\u00a0 DE 129515865\u00a0 Registergericht Amtsgericht M\u00fcnchen\u00a0Eingetragener Verein\u00a0Register-Nr. VR 4461\u00a0 Redaktionsverantwortlich im Sinne des Presserechts\u00a0 Dr. Norman [&hellip;]<\/p>\n","protected":false},"author":3,"featured_media":0,"parent":0,"menu_order":0,"comment_status":"closed","ping_status":"closed","template":"","meta":{"_acf_changed":false,"inline_featured_image":false,"footnotes":""},"class_list":["post-1834","page","type-page","status-publish","hentry"],"acf":[],"_links":{"self":[{"href":"https:\/\/quanten-kompass.de\/en\/wp-json\/wp\/v2\/pages\/1834","targetHints":{"allow":["GET"]}}],"collection":[{"href":"https:\/\/quanten-kompass.de\/en\/wp-json\/wp\/v2\/pages"}],"about":[{"href":"https:\/\/quanten-kompass.de\/en\/wp-json\/wp\/v2\/types\/page"}],"author":[{"embeddable":true,"href":"https:\/\/quanten-kompass.de\/en\/wp-json\/wp\/v2\/users\/3"}],"replies":[{"embeddable":true,"href":"https:\/\/quanten-kompass.de\/en\/wp-json\/wp\/v2\/comments?post=1834"}],"version-history":[{"count":37,"href":"https:\/\/quanten-kompass.de\/en\/wp-json\/wp\/v2\/pages\/1834\/revisions"}],"predecessor-version":[{"id":3689,"href":"https:\/\/quanten-kompass.de\/en\/wp-json\/wp\/v2\/pages\/1834\/revisions\/3689"}],"wp:attachment":[{"href":"https:\/\/quanten-kompass.de\/en\/wp-json\/wp\/v2\/media?parent=1834"}],"curies":[{"name":"wp","href":"https:\/\/api.w.org\/{rel}","templated":true}]}}